{"id":7159,"date":"2022-01-24T21:22:02","date_gmt":"2022-01-24T20:22:02","guid":{"rendered":"https:\/\/rpcprazacka.cz\/contact\/"},"modified":"2026-04-23T10:11:46","modified_gmt":"2026-04-23T08:11:46","slug":"contact","status":"publish","type":"page","link":"https:\/\/rpcprazacka.cz\/en\/contact\/","title":{"rendered":"Contact"},"content":{"rendered":"\t\t<div data-elementor-type=\"wp-page\" data-elementor-id=\"7159\" class=\"elementor elementor-7159 elementor-1735\">\n\t\t\t\t\t\t<section class=\"elementor-section elementor-top-section elementor-element elementor-element-c0c0ea3 elementor-section-boxed elementor-section-height-default elementor-section-height-default\" data-id=\"c0c0ea3\" data-element_type=\"section\" data-e-type=\"section\">\n\t\t\t\t\t\t<div class=\"elementor-container elementor-column-gap-default\">\n\t\t\t\t\t<div class=\"elementor-column elementor-col-100 elementor-top-column elementor-element elementor-element-03fa6e9\" data-id=\"03fa6e9\" data-element_type=\"column\" data-e-type=\"column\">\n\t\t\t<div class=\"elementor-widget-wrap elementor-element-populated\">\n\t\t\t\t\t\t<section class=\"elementor-section elementor-inner-section elementor-element elementor-element-8f775e3 elementor-section-full_width elementor-section-height-default elementor-section-height-default\" data-id=\"8f775e3\" data-element_type=\"section\" data-e-type=\"section\">\n\t\t\t\t\t\t<div class=\"elementor-container elementor-column-gap-default\">\n\t\t\t\t\t<div class=\"elementor-column elementor-col-100 elementor-inner-column elementor-element elementor-element-50199d4\" data-id=\"50199d4\" data-element_type=\"column\" data-e-type=\"column\">\n\t\t\t<div class=\"elementor-widget-wrap elementor-element-populated\">\n\t\t\t\t\t\t<div class=\"elementor-element elementor-element-ab59153 elementor-widget elementor-widget-kundaxcontactinfowidget\" data-id=\"ab59153\" data-element_type=\"widget\" data-e-type=\"widget\" data-widget_type=\"kundaxcontactinfowidget.default\">\n\t\t\t\t<div class=\"elementor-widget-container\">\n\t\t\t\t\t<!-----------------------Start Contact Informations-----------------------><div class=\"contact-info-box\"><h2 class=\"contact-title\">Contact<\/h2><div class=\"info-media\"><div class=\"media-icon\"><img decoding=\"async\" src=\"http:\/\/rpcprazacka.cz\/wp-content\/uploads\/2023\/05\/location1.png\" alt=\"location1\"  \/><\/div><div class=\"media-body\"><h4 class=\"info-title\">Address<\/h4><p class=\"info-text\">My.Aktivity z.\u00fa.\nNad Ohradou 17, 130 00 Prague 3<\/p><\/div><\/div><div class=\"info-media\"><div class=\"media-icon\"><img decoding=\"async\" src=\"http:\/\/rpcprazacka.cz\/wp-content\/uploads\/2023\/05\/phone-call.png\" alt=\"phone call\"  \/><\/div><div class=\"media-body\"><h4 class=\"info-title\">Phone (Mon \u2013 Thu 10 AM \u2013 5 PM)<\/h4><p class=\"info-text\"><a href=\"tel:+420777851386\">+420 777 851 386  <\/a> <\/p><\/div><\/div><div class=\"info-media\"><div class=\"media-icon\"><img decoding=\"async\" src=\"http:\/\/rpcprazacka.cz\/wp-content\/uploads\/2023\/05\/email.png\" alt=\"email\"  \/><\/div><div class=\"media-body\"><h4 class=\"info-title\">Email<\/h4><p class=\"info-text\"><a href=\"mailto:info@rpcprazacka.cz\">info@rpcprazacka.cz<\/a> <\/div><\/div><div class=\"contact-location\"><iframe src=\"https:\/\/www.google.com\/maps\/embed?pb=!1m18!1m12!1m3!1d1140.2151708706283!2d14.472998357888017!3d50.09197004571438!2m3!1f0!2f0!3f0!3m2!1i1024!2i768!4f13.1!3m3!1m2!1s0x470b934f78ac320b%3A0x607ab41ee593a05!2sMy.Aktivity%20o.p.s.!5e0!3m2!1scs!2scz!4v1684559109171!5m2!1scs!2scz%20width=600%20height=450%20style=border:0;%20allowfullscreen=%20loading=lazy%20referrerpolicy=no-referrer-when-downgrade\" allowfullscreen=\"\" loading=\"lazy\"><\/iframe><\/div><\/div><!-----------------------End Contact Informations----------------------->\t\t\t\t<\/div>\n\t\t\t\t<\/div>\n\t\t\t\t\t<\/div>\n\t\t<\/div>\n\t\t\t\t\t<\/div>\n\t\t<\/section>\n\t\t\t\t\t<\/div>\n\t\t<\/div>\n\t\t\t\t\t<\/div>\n\t\t<\/section>\n\t\t\t\t<section class=\"elementor-section elementor-top-section elementor-element elementor-element-6be6d2b elementor-section-boxed elementor-section-height-default elementor-section-height-default\" data-id=\"6be6d2b\" data-element_type=\"section\" data-e-type=\"section\">\n\t\t\t\t\t\t<div class=\"elementor-container elementor-column-gap-default\">\n\t\t\t\t\t<div class=\"elementor-column elementor-col-100 elementor-top-column elementor-element elementor-element-7c4b579\" data-id=\"7c4b579\" data-element_type=\"column\" data-e-type=\"column\">\n\t\t\t<div class=\"elementor-widget-wrap elementor-element-populated\">\n\t\t\t\t\t\t<div class=\"elementor-element elementor-element-51d622e elementor-widget elementor-widget-kundaxsectiontitle\" data-id=\"51d622e\" data-element_type=\"widget\" data-e-type=\"widget\" data-widget_type=\"kundaxsectiontitle.default\">\n\t\t\t\t<div class=\"elementor-widget-container\">\n\t\t\t\t\t<div class=\"title-area\" ><h2 class=\"ssec-title title-selector\">Follow us<\/h2><\/div>\t\t\t\t<\/div>\n\t\t\t\t<\/div>\n\t\t\t\t\t<\/div>\n\t\t<\/div>\n\t\t\t\t\t<\/div>\n\t\t<\/section>\n\t\t\t\t<section class=\"elementor-section elementor-top-section elementor-element elementor-element-cc35bcd elementor-section-boxed elementor-section-height-default elementor-section-height-default\" data-id=\"cc35bcd\" data-element_type=\"section\" data-e-type=\"section\">\n\t\t\t\t\t\t<div class=\"elementor-container elementor-column-gap-default\">\n\t\t\t\t\t<div class=\"elementor-column elementor-col-100 elementor-top-column elementor-element elementor-element-e458338\" data-id=\"e458338\" data-element_type=\"column\" data-e-type=\"column\">\n\t\t\t<div class=\"elementor-widget-wrap elementor-element-populated\">\n\t\t\t\t\t\t<div class=\"elementor-element elementor-element-8107325 elementor-shape-rounded elementor-grid-0 e-grid-align-center elementor-widget elementor-widget-social-icons\" data-id=\"8107325\" data-element_type=\"widget\" data-e-type=\"widget\" data-widget_type=\"social-icons.default\">\n\t\t\t\t<div class=\"elementor-widget-container\">\n\t\t\t\t\t\t\t<div class=\"elementor-social-icons-wrapper elementor-grid\" role=\"list\">\n\t\t\t\t\t\t\t<span class=\"elementor-grid-item\" role=\"listitem\">\n\t\t\t\t\t<a class=\"elementor-icon elementor-social-icon elementor-social-icon-facebook elementor-repeater-item-b2ce9d1\" href=\"https:\/\/www.facebook.com\/rpcprazacka\" target=\"_blank\">\n\t\t\t\t\t\t<span class=\"elementor-screen-only\">Facebook<\/span>\n\t\t\t\t\t\t<i aria-hidden=\"true\" class=\"fab fa-facebook\"><\/i>\t\t\t\t\t<\/a>\n\t\t\t\t<\/span>\n\t\t\t\t\t\t\t<span class=\"elementor-grid-item\" role=\"listitem\">\n\t\t\t\t\t<a class=\"elementor-icon elementor-social-icon elementor-social-icon-instagram elementor-repeater-item-6702aee\" href=\"https:\/\/www.instagram.com\/rpcprazacka\/\" target=\"_blank\">\n\t\t\t\t\t\t<span class=\"elementor-screen-only\">Instagram<\/span>\n\t\t\t\t\t\t<i aria-hidden=\"true\" class=\"fab fa-instagram\"><\/i>\t\t\t\t\t<\/a>\n\t\t\t\t<\/span>\n\t\t\t\t\t\t\t<span class=\"elementor-grid-item\" role=\"listitem\">\n\t\t\t\t\t<a class=\"elementor-icon elementor-social-icon elementor-social-icon-youtube elementor-repeater-item-fa58235\" href=\"https:\/\/www.youtube.com\/@rpcprazacka\" target=\"_blank\">\n\t\t\t\t\t\t<span class=\"elementor-screen-only\">Youtube<\/span>\n\t\t\t\t\t\t<i aria-hidden=\"true\" class=\"fab fa-youtube\"><\/i>\t\t\t\t\t<\/a>\n\t\t\t\t<\/span>\n\t\t\t\t\t<\/div>\n\t\t\t\t\t\t<\/div>\n\t\t\t\t<\/div>\n\t\t\t\t\t<\/div>\n\t\t<\/div>\n\t\t\t\t\t<\/div>\n\t\t<\/section>\n\t\t\t\t<section class=\"elementor-section elementor-top-section elementor-element elementor-element-ec3d659 elementor-section-full_width elementor-section-height-default elementor-section-height-default\" data-id=\"ec3d659\" data-element_type=\"section\" data-e-type=\"section\">\n\t\t\t\t\t\t<div class=\"elementor-container elementor-column-gap-default\">\n\t\t\t\t\t<div class=\"elementor-column elementor-col-100 elementor-top-column elementor-element elementor-element-bec37b8\" data-id=\"bec37b8\" data-element_type=\"column\" data-e-type=\"column\">\n\t\t\t<div class=\"elementor-widget-wrap elementor-element-populated\">\n\t\t\t\t\t\t<div class=\"elementor-element elementor-element-8e3d783 e-transform elementor-widget elementor-widget-kundaxteammember\" data-id=\"8e3d783\" data-element_type=\"widget\" data-e-type=\"widget\" data-settings=\"{&quot;_transform_scale_effect&quot;:{&quot;unit&quot;:&quot;px&quot;,&quot;size&quot;:0.8000000000000000444089209850062616169452667236328125,&quot;sizes&quot;:[]},&quot;_transform_scale_effect_tablet&quot;:{&quot;unit&quot;:&quot;px&quot;,&quot;size&quot;:&quot;&quot;,&quot;sizes&quot;:[]},&quot;_transform_scale_effect_mobile&quot;:{&quot;unit&quot;:&quot;px&quot;,&quot;size&quot;:&quot;&quot;,&quot;sizes&quot;:[]}}\" data-widget_type=\"kundaxteammember.default\">\n\t\t\t\t<div class=\"elementor-widget-container\">\n\t\t\t\t\t<!-----------------------Start Team Area-----------------------><div class=\"team-section space-extra arrow-wrap\"><div class=\"container\"><div class=\"title-area text-center wow fadeInUp\" data-wow-delay=\"0.2s\"><h2 class=\"sec-title\">Our Team<\/h2><\/div><div class=\"row vs-carousel\"><!-- Single Team --><div class=\"col-lg-4 col-md-6\" data-wow-delay=\"0.2s\"><div class=\"team-box\"><div class=\"team-img\"><img decoding=\"async\" src=\"http:\/\/rpcprazacka.cz\/wp-content\/uploads\/2023\/05\/Kreslici-platno-9@.png\" alt=\"Kreslici platno 9@\"  \/><div class=\"multi-social\"><\/div><\/div><div class=\"team-info\"><h4 class=\"team-title\"><a href=\"\">Roman Rozbroj<\/a><\/h4><span class=\"team-desig\">Director of My.Aktivity z.\u00fa.<\/span><\/div><\/div><\/div><!-- Single Team --><div class=\"col-lg-4 col-md-6\" data-wow-delay=\"0.4s\"><div class=\"team-box\"><div class=\"team-img\"><img decoding=\"async\" src=\"https:\/\/rpcprazacka.cz\/wp-content\/uploads\/2023\/09\/ilona-paukerova.png\" alt=\"ilona paukerova\"  \/><div class=\"multi-social\"><\/div><\/div><div class=\"team-info\"><h4 class=\"team-title\"><a href=\"\">Ilona Paukerov\u00e1<\/a><\/h4><span class=\"team-desig\">Coordinator <\/span><\/div><\/div><\/div><\/div><\/div><\/div><!-----------------------End Team Area----------------------->\t\t\t\t<\/div>\n\t\t\t\t<\/div>\n\t\t\t\t<div class=\"elementor-element elementor-element-dc817dc elementor-widget elementor-widget-kundaxsectiontitle\" data-id=\"dc817dc\" data-element_type=\"widget\" data-e-type=\"widget\" data-widget_type=\"kundaxsectiontitle.default\">\n\t\t\t\t<div class=\"elementor-widget-container\">\n\t\t\t\t\t<div class=\"title-area\" ><h2 class=\"ssec-title title-selector\">Our Supporters<\/h2><\/div>\t\t\t\t<\/div>\n\t\t\t\t<\/div>\n\t\t\t\t\t<\/div>\n\t\t<\/div>\n\t\t\t\t\t<\/div>\n\t\t<\/section>\n\t\t\t\t<section class=\"elementor-section elementor-top-section elementor-element elementor-element-8c22626 elementor-section-boxed elementor-section-height-default elementor-section-height-default\" data-id=\"8c22626\" data-element_type=\"section\" data-e-type=\"section\">\n\t\t\t\t\t\t<div class=\"elementor-container elementor-column-gap-default\">\n\t\t\t\t\t<div class=\"elementor-column elementor-col-20 elementor-top-column elementor-element elementor-element-d353f5e\" data-id=\"d353f5e\" data-element_type=\"column\" data-e-type=\"column\">\n\t\t\t<div class=\"elementor-widget-wrap elementor-element-populated\">\n\t\t\t\t\t\t<div class=\"elementor-element elementor-element-f599a20 elementor-widget elementor-widget-image\" data-id=\"f599a20\" data-element_type=\"widget\" data-e-type=\"widget\" data-widget_type=\"image.default\">\n\t\t\t\t<div class=\"elementor-widget-container\">\n\t\t\t\t\t\t\t\t\t\t\t\t\t\t\t<img decoding=\"async\" src=\"https:\/\/rpcprazacka.cz\/wp-content\/uploads\/elementor\/thumbs\/praha3-qbzg8t7mewabsb4f7dhllav01s60yrvf8rcwsuclwc.png\" title=\"prague3\" alt=\"prague3\" loading=\"lazy\" \/>\t\t\t\t\t\t\t\t\t\t\t\t\t\t\t<\/div>\n\t\t\t\t<\/div>\n\t\t\t\t\t<\/div>\n\t\t<\/div>\n\t\t\t\t<div class=\"elementor-column elementor-col-20 elementor-top-column elementor-element elementor-element-0c368ec\" data-id=\"0c368ec\" data-element_type=\"column\" data-e-type=\"column\">\n\t\t\t<div class=\"elementor-widget-wrap elementor-element-populated\">\n\t\t\t\t\t\t<div class=\"elementor-element elementor-element-10e50b9 elementor-widget elementor-widget-image\" data-id=\"10e50b9\" data-element_type=\"widget\" data-e-type=\"widget\" data-widget_type=\"image.default\">\n\t\t\t\t<div class=\"elementor-widget-container\">\n\t\t\t\t\t\t\t\t\t\t\t\t\t\t\t<img decoding=\"async\" src=\"https:\/\/rpcprazacka.cz\/wp-content\/uploads\/elementor\/thumbs\/NadaceCEZ_400x300_RGB_svetlePozadi_transparentni-02c898d3e6ef6043268d7aeda3e7d95a-qbzg8pg9nk56hv9vtbv3bbt5o8ok3zghw8qyvqi6l8.png\" title=\"NadaceCEZ_400x300_RGB_lightBackground_transparent-02c898d3e6ef6043268d7aeda3e7d95a\" alt=\"NadaceCEZ_400x300_RGB_lightBackground_transparent-02c898d3e6ef6043268d7aeda3e7d95a\" loading=\"lazy\" \/>\t\t\t\t\t\t\t\t\t\t\t\t\t\t\t<\/div>\n\t\t\t\t<\/div>\n\t\t\t\t\t<\/div>\n\t\t<\/div>\n\t\t\t\t<div class=\"elementor-column elementor-col-20 elementor-top-column elementor-element elementor-element-e4e0e49\" data-id=\"e4e0e49\" data-element_type=\"column\" data-e-type=\"column\">\n\t\t\t<div class=\"elementor-widget-wrap elementor-element-populated\">\n\t\t\t\t\t\t<div class=\"elementor-element elementor-element-9768420 elementor-widget elementor-widget-image\" data-id=\"9768420\" data-element_type=\"widget\" data-e-type=\"widget\" data-widget_type=\"image.default\">\n\t\t\t\t<div class=\"elementor-widget-container\">\n\t\t\t\t\t\t\t\t\t\t\t\t\t\t\t<img decoding=\"async\" src=\"https:\/\/rpcprazacka.cz\/wp-content\/uploads\/elementor\/thumbs\/balakryl-logo-RGB-002-qt636tl23huwr3i9zamhyxxbcggognyegz7uy3mzmk.jpg\" title=\"balakryl-logo RGB (002)\" alt=\"balakryl-logo RGB (002)\" loading=\"lazy\" \/>\t\t\t\t\t\t\t\t\t\t\t\t\t\t\t<\/div>\n\t\t\t\t<\/div>\n\t\t\t\t\t<\/div>\n\t\t<\/div>\n\t\t\t\t<div class=\"elementor-column elementor-col-20 elementor-top-column elementor-element elementor-element-968afad\" data-id=\"968afad\" data-element_type=\"column\" data-e-type=\"column\">\n\t\t\t<div class=\"elementor-widget-wrap elementor-element-populated\">\n\t\t\t\t\t\t<div class=\"elementor-element elementor-element-fe555b8 elementor-widget elementor-widget-image\" data-id=\"fe555b8\" data-element_type=\"widget\" data-e-type=\"widget\" data-widget_type=\"image.default\">\n\t\t\t\t<div class=\"elementor-widget-container\">\n\t\t\t\t\t\t\t\t\t\t\t\t\t\t\t<img decoding=\"async\" src=\"https:\/\/rpcprazacka.cz\/wp-content\/uploads\/elementor\/thumbs\/fwf-qbzfyloq6ob7ory9tgmh0dlrs4hid4cdi8a25nhjh8.png\" title=\"fwf\" alt=\"fwf\" loading=\"lazy\" \/>\t\t\t\t\t\t\t\t\t\t\t\t\t\t\t<\/div>\n\t\t\t\t<\/div>\n\t\t\t\t\t<\/div>\n\t\t<\/div>\n\t\t\t\t<div class=\"elementor-column elementor-col-20 elementor-top-column elementor-element elementor-element-f531022\" data-id=\"f531022\" data-element_type=\"column\" data-e-type=\"column\">\n\t\t\t<div class=\"elementor-widget-wrap elementor-element-populated\">\n\t\t\t\t\t\t<div class=\"elementor-element elementor-element-3cd7316 elementor-widget elementor-widget-image\" data-id=\"3cd7316\" data-element_type=\"widget\" data-e-type=\"widget\" data-widget_type=\"image.default\">\n\t\t\t\t<div class=\"elementor-widget-container\">\n\t\t\t\t\t\t\t\t\t\t\t\t\t\t\t<img decoding=\"async\" src=\"https:\/\/rpcprazacka.cz\/wp-content\/uploads\/elementor\/thumbs\/praha-qbzg8s9rm4v3vzr2bfzm8bld4ney255f9h5r9cevks.png\" title=\"prague\" alt=\"prague\" loading=\"lazy\" \/>\t\t\t\t\t\t\t\t\t\t\t\t\t\t\t<\/div>\n\t\t\t\t<\/div>\n\t\t\t\t\t<\/div>\n\t\t<\/div>\n\t\t\t\t\t<\/div>\n\t\t<\/section>\n\t\t\t\t<section class=\"elementor-section elementor-top-section elementor-element elementor-element-9a8f744 elementor-section-boxed elementor-section-height-default elementor-section-height-default\" data-id=\"9a8f744\" data-element_type=\"section\" data-e-type=\"section\">\n\t\t\t\t\t\t<div class=\"elementor-container elementor-column-gap-default\">\n\t\t\t\t\t<div class=\"elementor-column elementor-col-100 elementor-top-column elementor-element elementor-element-c343bbb\" data-id=\"c343bbb\" data-element_type=\"column\" data-e-type=\"column\">\n\t\t\t<div class=\"elementor-widget-wrap elementor-element-populated\">\n\t\t\t\t\t\t<div class=\"elementor-element elementor-element-d048bfb elementor-widget elementor-widget-image\" data-id=\"d048bfb\" data-element_type=\"widget\" data-e-type=\"widget\" data-widget_type=\"image.default\">\n\t\t\t\t<div class=\"elementor-widget-container\">\n\t\t\t\t\t\t\t\t\t\t\t\t\t\t\t<img fetchpriority=\"high\" decoding=\"async\" width=\"751\" height=\"165\" src=\"https:\/\/rpcprazacka.cz\/wp-content\/uploads\/2023\/09\/Kreslici-platno-1@f-1024x225.png\" class=\"attachment-large size-large wp-image-7177\" alt=\"\" srcset=\"https:\/\/rpcprazacka.cz\/wp-content\/uploads\/2023\/09\/Kreslici-platno-1@f-1024x225.png 1024w, https:\/\/rpcprazacka.cz\/wp-content\/uploads\/2023\/09\/Kreslici-platno-1@f-300x66.png 300w, https:\/\/rpcprazacka.cz\/wp-content\/uploads\/2023\/09\/Kreslici-platno-1@f-768x169.png 768w, https:\/\/rpcprazacka.cz\/wp-content\/uploads\/2023\/09\/Kreslici-platno-1@f-1536x337.png 1536w, https:\/\/rpcprazacka.cz\/wp-content\/uploads\/2023\/09\/Kreslici-platno-1@f-2048x449.png 2048w, https:\/\/rpcprazacka.cz\/wp-content\/uploads\/2023\/09\/Kreslici-platno-1@f-600x132.png 600w\" sizes=\"(max-width: 751px) 100vw, 751px\" \/>\t\t\t\t\t\t\t\t\t\t\t\t\t\t\t<\/div>\n\t\t\t\t<\/div>\n\t\t\t\t\t<\/div>\n\t\t<\/div>\n\t\t\t\t\t<\/div>\n\t\t<\/section>\n\t\t\t\t<\/div>\n\t\t","protected":false},"excerpt":{"rendered":"<p>Contact Address My.Aktivity z.\u00fa. Nad Ohradou 17, 130 00 Prague 3 Phone (Mon \u2013 Thu 10 AM \u2013 5 PM) +420 777 851 386 Email info@rpcprazacka.cz Follow us Facebook Instagram&#8230;<\/p>\n","protected":false},"author":1,"featured_media":0,"parent":0,"menu_order":0,"comment_status":"closed","ping_status":"closed","template":"template-builder.php","meta":{"inline_featured_image":false,"footnotes":""},"class_list":["post-7159","page","type-page","status-publish","hentry"],"yoast_head":"<!-- This site is optimized with the Yoast SEO plugin v27.4 - https:\/\/yoast.com\/product\/yoast-seo-wordpress\/ -->\n<title>Contact - Pra\u017ea\u010dka Family and Movement Center<\/title>\n<meta name=\"robots\" content=\"index, follow, max-snippet:-1, max-image-preview:large, max-video-preview:-1\" \/>\n<link rel=\"canonical\" href=\"https:\/\/rpcprazacka.cz\/en\/contact\/\" \/>\n<meta property=\"og:locale\" content=\"en_US\" \/>\n<meta property=\"og:type\" content=\"article\" \/>\n<meta property=\"og:title\" content=\"Contact - Pra\u017ea\u010dka Family and Movement Center\" \/>\n<meta property=\"og:description\" content=\"Contact Address My.Aktivity z.\u00fa. Nad Ohradou 17, 130 00 Prague 3 Phone (Mon \u2013 Thu 10 AM \u2013 5 PM) +420 777 851 386 Email info@rpcprazacka.cz Follow us Facebook Instagram...\" \/>\n<meta property=\"og:url\" content=\"https:\/\/rpcprazacka.cz\/en\/contact\/\" \/>\n<meta property=\"og:site_name\" content=\"Pra\u017ea\u010dka Family and Movement Center\" \/>\n<meta property=\"article:publisher\" content=\"https:\/\/www.facebook.com\/rpcprazacka\" \/>\n<meta property=\"article:modified_time\" content=\"2026-04-23T08:11:46+00:00\" \/>\n<meta property=\"og:image\" content=\"http:\/\/rpcprazacka.cz\/wp-content\/uploads\/2023\/05\/location1.png\" \/>\n<meta name=\"twitter:card\" content=\"summary_large_image\" \/>\n<script type=\"application\/ld+json\" class=\"yoast-schema-graph\">{\"@context\":\"https:\\\/\\\/schema.org\",\"@graph\":[{\"@type\":\"WebPage\",\"@id\":\"https:\\\/\\\/rpcprazacka.cz\\\/en\\\/contact\\\/\",\"url\":\"https:\\\/\\\/rpcprazacka.cz\\\/en\\\/contact\\\/\",\"name\":\"Contact - Pra\u017ea\u010dka Family and Movement Center\",\"isPartOf\":{\"@id\":\"https:\\\/\\\/rpcprazacka.cz\\\/en\\\/#website\"},\"primaryImageOfPage\":{\"@id\":\"https:\\\/\\\/rpcprazacka.cz\\\/en\\\/contact\\\/#primaryimage\"},\"image\":{\"@id\":\"https:\\\/\\\/rpcprazacka.cz\\\/en\\\/contact\\\/#primaryimage\"},\"thumbnailUrl\":\"http:\\\/\\\/rpcprazacka.cz\\\/wp-content\\\/uploads\\\/2023\\\/05\\\/location1.png\",\"datePublished\":\"2022-01-24T20:22:02+00:00\",\"dateModified\":\"2026-04-23T08:11:46+00:00\",\"breadcrumb\":{\"@id\":\"https:\\\/\\\/rpcprazacka.cz\\\/en\\\/contact\\\/#breadcrumb\"},\"inLanguage\":\"en-US\",\"potentialAction\":[{\"@type\":\"ReadAction\",\"target\":[\"https:\\\/\\\/rpcprazacka.cz\\\/en\\\/contact\\\/\"]}]},{\"@type\":\"ImageObject\",\"inLanguage\":\"en-US\",\"@id\":\"https:\\\/\\\/rpcprazacka.cz\\\/en\\\/contact\\\/#primaryimage\",\"url\":\"http:\\\/\\\/rpcprazacka.cz\\\/wp-content\\\/uploads\\\/2023\\\/05\\\/location1.png\",\"contentUrl\":\"http:\\\/\\\/rpcprazacka.cz\\\/wp-content\\\/uploads\\\/2023\\\/05\\\/location1.png\"},{\"@type\":\"BreadcrumbList\",\"@id\":\"https:\\\/\\\/rpcprazacka.cz\\\/en\\\/contact\\\/#breadcrumb\",\"itemListElement\":[{\"@type\":\"ListItem\",\"position\":1,\"name\":\"Home\",\"item\":\"https:\\\/\\\/rpcprazacka.cz\\\/en\\\/?page_id=7322\"},{\"@type\":\"ListItem\",\"position\":2,\"name\":\"Contact\"}]},{\"@type\":\"WebSite\",\"@id\":\"https:\\\/\\\/rpcprazacka.cz\\\/en\\\/#website\",\"url\":\"https:\\\/\\\/rpcprazacka.cz\\\/en\\\/\",\"name\":\"Pra\u017ea\u010dka Family and Movement Center\",\"description\":\"family and movement center for the whole family!\",\"publisher\":{\"@id\":\"https:\\\/\\\/rpcprazacka.cz\\\/en\\\/#organization\"},\"alternateName\":\"D\u011btsk\u00e9 krou\u017eky\",\"potentialAction\":[{\"@type\":\"SearchAction\",\"target\":{\"@type\":\"EntryPoint\",\"urlTemplate\":\"https:\\\/\\\/rpcprazacka.cz\\\/en\\\/?s={search_term_string}\"},\"query-input\":{\"@type\":\"PropertyValueSpecification\",\"valueRequired\":true,\"valueName\":\"search_term_string\"}}],\"inLanguage\":\"en-US\"},{\"@type\":\"Organization\",\"@id\":\"https:\\\/\\\/rpcprazacka.cz\\\/en\\\/#organization\",\"name\":\"Pra\u017ea\u010dka Family and Movement Center\",\"url\":\"https:\\\/\\\/rpcprazacka.cz\\\/en\\\/\",\"logo\":{\"@type\":\"ImageObject\",\"inLanguage\":\"en-US\",\"@id\":\"https:\\\/\\\/rpcprazacka.cz\\\/en\\\/#\\\/schema\\\/logo\\\/image\\\/\",\"url\":\"https:\\\/\\\/rpcprazacka.cz\\\/wp-content\\\/uploads\\\/2023\\\/05\\\/logo_rpc3-1.png\",\"contentUrl\":\"https:\\\/\\\/rpcprazacka.cz\\\/wp-content\\\/uploads\\\/2023\\\/05\\\/logo_rpc3-1.png\",\"width\":200,\"height\":106,\"caption\":\"Pra\u017ea\u010dka Family and Movement Center\"},\"image\":{\"@id\":\"https:\\\/\\\/rpcprazacka.cz\\\/en\\\/#\\\/schema\\\/logo\\\/image\\\/\"},\"sameAs\":[\"https:\\\/\\\/www.facebook.com\\\/rpcprazacka\",\"https:\\\/\\\/www.instagram.com\\\/rpcprazacka\\\/\",\"https:\\\/\\\/www.youtube.com\\\/@RPCPRAZACKA\"]}]}<\/script>\n<!-- \/ Yoast SEO plugin. -->","yoast_head_json":{"title":"Contact - Pra\u017ea\u010dka Family and Movement Center","robots":{"index":"index","follow":"follow","max-snippet":"max-snippet:-1","max-image-preview":"max-image-preview:large","max-video-preview":"max-video-preview:-1"},"canonical":"https:\/\/rpcprazacka.cz\/en\/contact\/","og_locale":"en_US","og_type":"article","og_title":"Contact - Pra\u017ea\u010dka Family and Movement Center","og_description":"Contact Address My.Aktivity z.\u00fa. Nad Ohradou 17, 130 00 Prague 3 Phone (Mon \u2013 Thu 10 AM \u2013 5 PM) +420 777 851 386 Email info@rpcprazacka.cz Follow us Facebook Instagram...","og_url":"https:\/\/rpcprazacka.cz\/en\/contact\/","og_site_name":"Pra\u017ea\u010dka Family and Movement Center","article_publisher":"https:\/\/www.facebook.com\/rpcprazacka","article_modified_time":"2026-04-23T08:11:46+00:00","og_image":[{"url":"http:\/\/rpcprazacka.cz\/wp-content\/uploads\/2023\/05\/location1.png","type":"","width":"","height":""}],"twitter_card":"summary_large_image","schema":{"@context":"https:\/\/schema.org","@graph":[{"@type":"WebPage","@id":"https:\/\/rpcprazacka.cz\/en\/contact\/","url":"https:\/\/rpcprazacka.cz\/en\/contact\/","name":"Contact - Pra\u017ea\u010dka Family and Movement Center","isPartOf":{"@id":"https:\/\/rpcprazacka.cz\/en\/#website"},"primaryImageOfPage":{"@id":"https:\/\/rpcprazacka.cz\/en\/contact\/#primaryimage"},"image":{"@id":"https:\/\/rpcprazacka.cz\/en\/contact\/#primaryimage"},"thumbnailUrl":"http:\/\/rpcprazacka.cz\/wp-content\/uploads\/2023\/05\/location1.png","datePublished":"2022-01-24T20:22:02+00:00","dateModified":"2026-04-23T08:11:46+00:00","breadcrumb":{"@id":"https:\/\/rpcprazacka.cz\/en\/contact\/#breadcrumb"},"inLanguage":"en-US","potentialAction":[{"@type":"ReadAction","target":["https:\/\/rpcprazacka.cz\/en\/contact\/"]}]},{"@type":"ImageObject","inLanguage":"en-US","@id":"https:\/\/rpcprazacka.cz\/en\/contact\/#primaryimage","url":"http:\/\/rpcprazacka.cz\/wp-content\/uploads\/2023\/05\/location1.png","contentUrl":"http:\/\/rpcprazacka.cz\/wp-content\/uploads\/2023\/05\/location1.png"},{"@type":"BreadcrumbList","@id":"https:\/\/rpcprazacka.cz\/en\/contact\/#breadcrumb","itemListElement":[{"@type":"ListItem","position":1,"name":"Home","item":"https:\/\/rpcprazacka.cz\/en\/?page_id=7322"},{"@type":"ListItem","position":2,"name":"Contact"}]},{"@type":"WebSite","@id":"https:\/\/rpcprazacka.cz\/en\/#website","url":"https:\/\/rpcprazacka.cz\/en\/","name":"Pra\u017ea\u010dka Family and Movement Center","description":"family and movement center for the whole family!","publisher":{"@id":"https:\/\/rpcprazacka.cz\/en\/#organization"},"alternateName":"D\u011btsk\u00e9 krou\u017eky","potentialAction":[{"@type":"SearchAction","target":{"@type":"EntryPoint","urlTemplate":"https:\/\/rpcprazacka.cz\/en\/?s={search_term_string}"},"query-input":{"@type":"PropertyValueSpecification","valueRequired":true,"valueName":"search_term_string"}}],"inLanguage":"en-US"},{"@type":"Organization","@id":"https:\/\/rpcprazacka.cz\/en\/#organization","name":"Pra\u017ea\u010dka Family and Movement Center","url":"https:\/\/rpcprazacka.cz\/en\/","logo":{"@type":"ImageObject","inLanguage":"en-US","@id":"https:\/\/rpcprazacka.cz\/en\/#\/schema\/logo\/image\/","url":"https:\/\/rpcprazacka.cz\/wp-content\/uploads\/2023\/05\/logo_rpc3-1.png","contentUrl":"https:\/\/rpcprazacka.cz\/wp-content\/uploads\/2023\/05\/logo_rpc3-1.png","width":200,"height":106,"caption":"Pra\u017ea\u010dka Family and Movement Center"},"image":{"@id":"https:\/\/rpcprazacka.cz\/en\/#\/schema\/logo\/image\/"},"sameAs":["https:\/\/www.facebook.com\/rpcprazacka","https:\/\/www.instagram.com\/rpcprazacka\/","https:\/\/www.youtube.com\/@RPCPRAZACKA"]}]}},"_links":{"self":[{"href":"https:\/\/rpcprazacka.cz\/en\/wp-json\/wp\/v2\/pages\/7159","targetHints":{"allow":["GET"]}}],"collection":[{"href":"https:\/\/rpcprazacka.cz\/en\/wp-json\/wp\/v2\/pages"}],"about":[{"href":"https:\/\/rpcprazacka.cz\/en\/wp-json\/wp\/v2\/types\/page"}],"author":[{"embeddable":true,"href":"https:\/\/rpcprazacka.cz\/en\/wp-json\/wp\/v2\/users\/1"}],"replies":[{"embeddable":true,"href":"https:\/\/rpcprazacka.cz\/en\/wp-json\/wp\/v2\/comments?post=7159"}],"version-history":[{"count":4,"href":"https:\/\/rpcprazacka.cz\/en\/wp-json\/wp\/v2\/pages\/7159\/revisions"}],"predecessor-version":[{"id":7181,"href":"https:\/\/rpcprazacka.cz\/en\/wp-json\/wp\/v2\/pages\/7159\/revisions\/7181"}],"wp:attachment":[{"href":"https:\/\/rpcprazacka.cz\/en\/wp-json\/wp\/v2\/media?parent=7159"}],"curies":[{"name":"wp","href":"https:\/\/api.w.org\/{rel}","templated":true}]}}