{"id":7182,"date":"2022-01-20T08:55:57","date_gmt":"2022-01-20T07:55:57","guid":{"rendered":"https:\/\/rpcprazacka.cz\/services\/"},"modified":"2026-04-23T10:11:51","modified_gmt":"2026-04-23T08:11:51","slug":"services","status":"publish","type":"page","link":"https:\/\/rpcprazacka.cz\/en\/services\/","title":{"rendered":"Services"},"content":{"rendered":"\t\t<div data-elementor-type=\"wp-page\" data-elementor-id=\"7182\" class=\"elementor elementor-7182 elementor-1384\">\n\t\t\t\t\t\t<section class=\"elementor-section elementor-top-section elementor-element elementor-element-4342fd4 elementor-section-height-min-height elementor-section-boxed elementor-section-height-default elementor-section-items-middle\" data-id=\"4342fd4\" data-element_type=\"section\" data-e-type=\"section\">\n\t\t\t\t\t\t<div class=\"elementor-container elementor-column-gap-default\">\n\t\t\t\t\t<div class=\"elementor-column elementor-col-100 elementor-top-column elementor-element elementor-element-e68390d\" data-id=\"e68390d\" data-element_type=\"column\" data-e-type=\"column\">\n\t\t\t<div class=\"elementor-widget-wrap\">\n\t\t\t\t\t\t\t<\/div>\n\t\t<\/div>\n\t\t\t\t\t<\/div>\n\t\t<\/section>\n\t\t\t\t<section class=\"elementor-section elementor-top-section elementor-element elementor-element-78a4c1a elementor-section-full_width elementor-section-height-default elementor-section-height-default\" data-id=\"78a4c1a\" data-element_type=\"section\" data-e-type=\"section\">\n\t\t\t\t\t\t<div class=\"elementor-container elementor-column-gap-no\">\n\t\t\t\t\t<div class=\"elementor-column elementor-col-100 elementor-top-column elementor-element elementor-element-cd8bd03\" data-id=\"cd8bd03\" data-element_type=\"column\" data-e-type=\"column\">\n\t\t\t<div class=\"elementor-widget-wrap elementor-element-populated\">\n\t\t\t\t\t\t<div class=\"elementor-element elementor-element-a787e93 elementor-widget elementor-widget-kundaxservicewidget\" data-id=\"a787e93\" data-element_type=\"widget\" data-e-type=\"widget\" data-widget_type=\"kundaxservicewidget.default\">\n\t\t\t\t<div class=\"elementor-widget-container\">\n\t\t\t\t\t<!-----------------------Start Serivice Slider Area-----------------------><div class=\"service-section custom-class\"><div class=\"container\"><div class=\"title-area text-center wow fadeInUp\" data-wow-delay=\"0.2s\"><span class=\"sub-title\">Other services<\/span><h2 class=\"sec-title\">at Pra\u017ea\u010dka<\/h2><\/div><div class=\"row gx-lg-15 justify-content-center\"><div class=\"col-xl-2 col-md-6 wow fadeInLeft\" data-wow-delay=\"0.2s\"><div class=\"nav nav-tabs service-tab\" id=\"service-tab1\" role=\"tablist\"><button class=\"sr-icon-btn active\" id=\"nav-1-tab\" data-bs-toggle=\"tab\" data-bs-target=\"#nav-1\" type=\"button\" role=\"tab\" aria-controls=\"nav-1\" aria-selected=\"true\"><img decoding=\"async\" src=\"http:\/\/rpcprazacka.cz\/wp-content\/uploads\/2023\/06\/Kreslici-platno-1@3.png\" alt=\"Kreslici platno 1@3\"  \/>Sports<\/button><button class=\"sr-icon-btn \" id=\"nav-2-tab\" data-bs-toggle=\"tab\" data-bs-target=\"#nav-2\" type=\"button\" role=\"tab\" aria-controls=\"nav-2\" aria-selected=\"false\"><img decoding=\"async\" src=\"http:\/\/rpcprazacka.cz\/wp-content\/uploads\/2023\/06\/Kreslici-platno-1_6@3.png\" alt=\"Kreslici platno 1_6@3\"  \/>Swimming<\/button><button class=\"sr-icon-btn \" id=\"nav-3-tab\" data-bs-toggle=\"tab\" data-bs-target=\"#nav-3\" type=\"button\" role=\"tab\" aria-controls=\"nav-3\" aria-selected=\"false\"><img decoding=\"async\" src=\"http:\/\/rpcprazacka.cz\/wp-content\/uploads\/2023\/06\/Kreslici-platno-1_3@3.png\" alt=\"Kreslici platno 1_3@3\"  \/>Preschool<\/button><\/div><\/div><div class=\"col-xl-8 order-xl-2 order-3 wow fadeInUp\" data-wow-delay=\"0.2s\"><div class=\"tab-content service-tabcontent\" id=\"service-tabContent\"><div class=\"tab-pane fade show active\" id=\"nav-1\" role=\"tabpanel\" aria-labelledby=\"nav-1-tab\"><div class=\"row align-items-center service-grid\"><div class=\"col-md-6\"><div class=\"service-img\"><img decoding=\"async\" src=\"http:\/\/rpcprazacka.cz\/wp-content\/uploads\/2023\/06\/Navrhova-plocha-1-1-1.jpg\" alt=\"Navrhova plocha 1 1 1\"  \/><\/div><\/div><div class=\"col-md-6\"><div class=\"service-icon\"><img decoding=\"async\" src=\"http:\/\/rpcprazacka.cz\/wp-content\/uploads\/2023\/06\/Kreslici-platno-1@3.png\" alt=\"Kreslici platno 1@3\"  \/><\/div><h2 class=\"h3 service-title\"><a href=\"https:\/\/www.prazacka.cz\/sportoviste\">Sports facilities<\/a><\/h2><p>In the complex, you will find various types of sports courts and fields for individuals or teams. From football to the athletic track and basketball, to tennis and volleyball courts, swimming, or a sauna and gym.<\/p>\n<a href=\"https:\/\/www.prazacka.cz\/sportoviste\" class=\"vs-btn wave-btn\">More...<\/a><\/div><\/div><\/div><div class=\"tab-pane fade \" id=\"nav-2\" role=\"tabpanel\" aria-labelledby=\"nav-2-tab\"><div class=\"row align-items-center service-grid\"><div class=\"col-md-6\"><div class=\"service-img\"><img decoding=\"async\" src=\"http:\/\/rpcprazacka.cz\/wp-content\/uploads\/2023\/06\/Navrhova-plocha-1-3-1.jpg\" alt=\"Navrhova plocha 1 3 1\"  \/><\/div><\/div><div class=\"col-md-6\"><div class=\"service-icon\"><img decoding=\"async\" src=\"http:\/\/rpcprazacka.cz\/wp-content\/uploads\/2023\/06\/Kreslici-platno-1_6@3.png\" alt=\"Kreslici platno 1_6@3\"  \/><\/div><h2 class=\"h3 service-title\"><a href=\"https:\/\/www.prazacka.cz\/bazen-a-sauna\">Swimming activities<\/a><\/h2><p>You can take advantage of swimming lessons for individuals from preschool age, as well as for infants, or come and harden your body in the sauna.<\/p>\n<a href=\"https:\/\/www.prazacka.cz\/bazen-a-sauna\" class=\"vs-btn wave-btn\">More...<\/a><\/div><\/div><\/div><div class=\"tab-pane fade \" id=\"nav-3\" role=\"tabpanel\" aria-labelledby=\"nav-3-tab\"><div class=\"row align-items-center service-grid\"><div class=\"col-md-6\"><div class=\"service-img\"><img decoding=\"async\" src=\"http:\/\/rpcprazacka.cz\/wp-content\/uploads\/2023\/06\/Navrhova-plocha-1-2-1.jpg\" alt=\"Navrhova plocha 1 2 1\"  \/><\/div><\/div><div class=\"col-md-6\"><div class=\"service-icon\"><img decoding=\"async\" src=\"http:\/\/rpcprazacka.cz\/wp-content\/uploads\/2023\/06\/Kreslici-platno-1_3@3.png\" alt=\"Kreslici platno 1_3@3\"  \/><\/div><h2 class=\"h3 service-title\"><a href=\"\/detska-skupina-prazacka\/\">Preschool<\/a><\/h2><p>The children's group is located in Prague 3, \u017di\u017ekov, on the edge of the sports complex of the same name, where your children have access to a fully equipped playroom, gym, outdoor playgrounds, and plenty of space for other outdoor and sports activities.<\/p>\n<a href=\"\/detska-skupina-prazacka\/\" class=\"vs-btn wave-btn\">More...<\/a><\/div><\/div><\/div><div class=\"tab-pane fade \" id=\"nav-4\" role=\"tabpanel\" aria-labelledby=\"nav-4-tab\"><div class=\"row align-items-center service-grid\"><div class=\"col-md-6\"><div class=\"service-img\"><img decoding=\"async\" src=\"http:\/\/rpcprazacka.cz\/wp-content\/uploads\/2023\/06\/Navrhova-plocha-1-4.jpg\" alt=\"Navrhova plocha 1 4\"  \/><\/div><\/div><div class=\"col-md-6\"><div class=\"service-icon\"><img decoding=\"async\" src=\"http:\/\/rpcprazacka.cz\/wp-content\/uploads\/2023\/06\/key-card2.png\" alt=\"key card2\"  \/><\/div><h2 class=\"h3 service-title\"><a href=\"https:\/\/www.prazacka.cz\/levne-ubytovani\">Accommodation<\/a><\/h2><p>Affordable accommodation in the pleasant and quiet environment of Prague's \u017di\u017ekov is the right choice for everyone traveling to see the popular sights in the center of Prague<\/p>\n<a href=\"https:\/\/www.prazacka.cz\/levne-ubytovani\" class=\"vs-btn wave-btn\">More...<\/a><\/div><\/div><\/div><\/div><\/div><div class=\"col-xl-2 col-md-6 order-xl-3 order-2 wow fadeInRight\" data-wow-delay=\"0.2s\"><div class=\"nav nav-tabs service-tab\" id=\"service-tab2\" role=\"tablist\"><button class=\"sr-icon-btn \" id=\"nav-4-tab\" data-bs-toggle=\"tab\" data-bs-target=\"#nav-4\" type=\"button\" role=\"tab\" aria-controls=\"nav-4\" aria-selected=\"false\"><img decoding=\"async\" src=\"http:\/\/rpcprazacka.cz\/wp-content\/uploads\/2023\/06\/key-card2.png\" alt=\"key card2\"  \/>Accommodation<\/button><\/div><\/div><\/div><\/div><\/div><!-----------------------End Serivice Slider Area----------------------->\t\t\t\t<\/div>\n\t\t\t\t<\/div>\n\t\t\t\t\t<\/div>\n\t\t<\/div>\n\t\t\t\t\t<\/div>\n\t\t<\/section>\n\t\t\t\t<section class=\"elementor-section elementor-top-section elementor-element elementor-element-df1d677 elementor-section-height-min-height elementor-section-boxed elementor-section-height-default elementor-section-items-middle\" data-id=\"df1d677\" data-element_type=\"section\" data-e-type=\"section\">\n\t\t\t\t\t\t<div class=\"elementor-container elementor-column-gap-default\">\n\t\t\t\t\t<div class=\"elementor-column elementor-col-100 elementor-top-column elementor-element elementor-element-5ce5813\" data-id=\"5ce5813\" data-element_type=\"column\" data-e-type=\"column\">\n\t\t\t<div class=\"elementor-widget-wrap\">\n\t\t\t\t\t\t\t<\/div>\n\t\t<\/div>\n\t\t\t\t\t<\/div>\n\t\t<\/section>\n\t\t\t\t<section class=\"elementor-section elementor-top-section elementor-element elementor-element-570946c3 elementor-section-full_width elementor-section-height-default elementor-section-height-default\" data-id=\"570946c3\" data-element_type=\"section\" data-e-type=\"section\">\n\t\t\t\t\t\t<div class=\"elementor-container elementor-column-gap-default\">\n\t\t\t\t\t<div class=\"elementor-column elementor-col-100 elementor-top-column elementor-element elementor-element-7c9c9077\" data-id=\"7c9c9077\" data-element_type=\"column\" data-e-type=\"column\">\n\t\t\t<div class=\"elementor-widget-wrap elementor-element-populated\">\n\t\t\t\t\t\t<div class=\"elementor-element elementor-element-5630dd70 elementor-widget elementor-widget-kundaxsectiontitle\" data-id=\"5630dd70\" data-element_type=\"widget\" data-e-type=\"widget\" data-widget_type=\"kundaxsectiontitle.default\">\n\t\t\t\t<div class=\"elementor-widget-container\">\n\t\t\t\t\t<div class=\"title-area\" ><h2 class=\"ssec-title title-selector\">Our supporters<\/h2><\/div>\t\t\t\t<\/div>\n\t\t\t\t<\/div>\n\t\t\t\t\t<\/div>\n\t\t<\/div>\n\t\t\t\t\t<\/div>\n\t\t<\/section>\n\t\t\t\t<section class=\"elementor-section elementor-top-section elementor-element elementor-element-16dc8049 elementor-section-boxed elementor-section-height-default elementor-section-height-default\" data-id=\"16dc8049\" data-element_type=\"section\" data-e-type=\"section\">\n\t\t\t\t\t\t<div class=\"elementor-container elementor-column-gap-default\">\n\t\t\t\t\t<div class=\"elementor-column elementor-col-25 elementor-top-column elementor-element elementor-element-3837b2a\" data-id=\"3837b2a\" data-element_type=\"column\" data-e-type=\"column\">\n\t\t\t<div class=\"elementor-widget-wrap elementor-element-populated\">\n\t\t\t\t\t\t<div class=\"elementor-element elementor-element-7ee0daf2 elementor-widget elementor-widget-image\" data-id=\"7ee0daf2\" data-element_type=\"widget\" data-e-type=\"widget\" data-widget_type=\"image.default\">\n\t\t\t\t<div class=\"elementor-widget-container\">\n\t\t\t\t\t\t\t\t\t\t\t\t\t\t\t<img decoding=\"async\" src=\"https:\/\/rpcprazacka.cz\/wp-content\/uploads\/elementor\/thumbs\/praha3-qbzg8t7mewa1k0ga1c5dbqxzuuxxbtvty0lzsd34dk.png\" title=\"prague3\" alt=\"prague3\" loading=\"lazy\" \/>\t\t\t\t\t\t\t\t\t\t\t\t\t\t\t<\/div>\n\t\t\t\t<\/div>\n\t\t\t\t\t<\/div>\n\t\t<\/div>\n\t\t\t\t<div class=\"elementor-column elementor-col-25 elementor-top-column elementor-element elementor-element-24e91f81\" data-id=\"24e91f81\" data-element_type=\"column\" data-e-type=\"column\">\n\t\t\t<div class=\"elementor-widget-wrap elementor-element-populated\">\n\t\t\t\t\t\t<div class=\"elementor-element elementor-element-294016c elementor-widget elementor-widget-image\" data-id=\"294016c\" data-element_type=\"widget\" data-e-type=\"widget\" data-widget_type=\"image.default\">\n\t\t\t\t<div class=\"elementor-widget-container\">\n\t\t\t\t\t\t\t\t\t\t\t\t\t\t\t<img decoding=\"async\" src=\"https:\/\/rpcprazacka.cz\/wp-content\/uploads\/elementor\/thumbs\/NadaceCEZ_400x300_RGB_svetlePozadi_transparentni-02c898d3e6ef6043268d7aeda3e7d95a-qbzg8pg9nk4w9klqnaiv1rw5hbggh1gwli01v98p2g.png\" title=\"NadaceCEZ_400x300_RGB_lightBackground_transparent-02c898d3e6ef6043268d7aeda3e7d95a\" alt=\"NadaceCEZ_400x300_RGB_lightBackground_transparent-02c898d3e6ef6043268d7aeda3e7d95a\" loading=\"lazy\" \/>\t\t\t\t\t\t\t\t\t\t\t\t\t\t\t<\/div>\n\t\t\t\t<\/div>\n\t\t\t\t\t<\/div>\n\t\t<\/div>\n\t\t\t\t<div class=\"elementor-column elementor-col-25 elementor-top-column elementor-element elementor-element-63a44b4a\" data-id=\"63a44b4a\" data-element_type=\"column\" data-e-type=\"column\">\n\t\t\t<div class=\"elementor-widget-wrap elementor-element-populated\">\n\t\t\t\t\t\t<div class=\"elementor-element elementor-element-101cfbc6 elementor-widget elementor-widget-image\" data-id=\"101cfbc6\" data-element_type=\"widget\" data-e-type=\"widget\" data-widget_type=\"image.default\">\n\t\t\t\t<div class=\"elementor-widget-container\">\n\t\t\t\t\t\t\t\t\t\t\t\t\t\t\t<img decoding=\"async\" src=\"https:\/\/rpcprazacka.cz\/wp-content\/uploads\/elementor\/thumbs\/fwf-qbzfyloq6oaxgha4nfa8qtorl79eq6cs7hj55681yg.png\" title=\"fwf\" alt=\"fwf\" loading=\"lazy\" \/>\t\t\t\t\t\t\t\t\t\t\t\t\t\t\t<\/div>\n\t\t\t\t<\/div>\n\t\t\t\t\t<\/div>\n\t\t<\/div>\n\t\t\t\t<div class=\"elementor-column elementor-col-25 elementor-top-column elementor-element elementor-element-1cd8972a\" data-id=\"1cd8972a\" data-element_type=\"column\" data-e-type=\"column\">\n\t\t\t<div class=\"elementor-widget-wrap elementor-element-populated\">\n\t\t\t\t\t\t<div class=\"elementor-element elementor-element-300a256a elementor-widget elementor-widget-image\" data-id=\"300a256a\" data-element_type=\"widget\" data-e-type=\"widget\" data-widget_type=\"image.default\">\n\t\t\t\t<div class=\"elementor-widget-container\">\n\t\t\t\t\t\t\t\t\t\t\t\t\t\t\t<img decoding=\"async\" src=\"https:\/\/rpcprazacka.cz\/wp-content\/uploads\/elementor\/thumbs\/praha-qbzg8s9r07gw2zo73zk16a66lzb4q9jkbkv66n69k8.png\" title=\"prague\" alt=\"prague\" loading=\"lazy\" \/>\t\t\t\t\t\t\t\t\t\t\t\t\t\t\t<\/div>\n\t\t\t\t<\/div>\n\t\t\t\t\t<\/div>\n\t\t<\/div>\n\t\t\t\t\t<\/div>\n\t\t<\/section>\n\t\t\t\t<section class=\"elementor-section elementor-top-section elementor-element elementor-element-25da7f84 elementor-section-boxed elementor-section-height-default elementor-section-height-default\" data-id=\"25da7f84\" data-element_type=\"section\" data-e-type=\"section\">\n\t\t\t\t\t\t<div class=\"elementor-container elementor-column-gap-wide\">\n\t\t\t\t\t<div class=\"elementor-column elementor-col-33 elementor-top-column elementor-element elementor-element-60f52e72\" data-id=\"60f52e72\" data-element_type=\"column\" data-e-type=\"column\">\n\t\t\t<div class=\"elementor-widget-wrap elementor-element-populated\">\n\t\t\t\t\t\t<div class=\"elementor-element elementor-element-6c804fe0 elementor-widget__width-initial elementor-widget elementor-widget-image\" data-id=\"6c804fe0\" data-element_type=\"widget\" data-e-type=\"widget\" data-widget_type=\"image.default\">\n\t\t\t\t<div class=\"elementor-widget-container\">\n\t\t\t\t\t\t\t\t\t\t\t\t\t\t\t<img decoding=\"async\" src=\"https:\/\/rpcprazacka.cz\/wp-content\/uploads\/elementor\/thumbs\/Kreslici-platno-1@f-qbzg7pqdtxe2fomwefzomjegkxgsnlwu5fnxkiqj54.png\" title=\"Canvas 1@f\" alt=\"Canvas 1@f\" loading=\"lazy\" \/>\t\t\t\t\t\t\t\t\t\t\t\t\t\t\t<\/div>\n\t\t\t\t<\/div>\n\t\t\t\t\t<\/div>\n\t\t<\/div>\n\t\t\t\t<div class=\"elementor-column elementor-col-66 elementor-top-column elementor-element elementor-element-159dc29b\" data-id=\"159dc29b\" data-element_type=\"column\" data-e-type=\"column\">\n\t\t\t<div class=\"elementor-widget-wrap elementor-element-populated\">\n\t\t\t\t\t\t<div class=\"elementor-element elementor-element-55af2d62 elementor-widget__width-initial elementor-widget elementor-widget-text-editor\" data-id=\"55af2d62\" data-element_type=\"widget\" data-e-type=\"widget\" data-widget_type=\"text-editor.default\">\n\t\t\t\t<div class=\"elementor-widget-container\">\n\t\t\t\t\t\t\t\t\t<div class=\"col-xs-8 col-sm-10\"><h6 style=\"text-align: left;\">The implementation of the Family for Families III project was supported by the Ministry of Education, Youth and Sports as part of the Support for the Integration of Foreigners <br>in Regional Education in 2022<\/h6><\/div>\t\t\t\t\t\t\t\t<\/div>\n\t\t\t\t<\/div>\n\t\t\t\t\t<\/div>\n\t\t<\/div>\n\t\t\t\t\t<\/div>\n\t\t<\/section>\n\t\t\t\t<\/div>\n\t\t","protected":false},"excerpt":{"rendered":"<p>Other services at Pra\u017ea\u010dka SportsSwimmingPreschool Sports facilities In the complex, you will find various types of sports courts and fields for individuals or teams. From football to the athletic track&#8230;<\/p>\n","protected":false},"author":1,"featured_media":0,"parent":0,"menu_order":0,"comment_status":"closed","ping_status":"closed","template":"","meta":{"inline_featured_image":false,"footnotes":""},"class_list":["post-7182","page","type-page","status-publish","hentry"],"yoast_head":"<!-- This site is optimized with the Yoast SEO plugin v27.4 - https:\/\/yoast.com\/product\/yoast-seo-wordpress\/ -->\n<title>Services - Pra\u017ea\u010dka Family and Movement Center<\/title>\n<meta name=\"robots\" content=\"index, follow, max-snippet:-1, max-image-preview:large, max-video-preview:-1\" \/>\n<link rel=\"canonical\" href=\"https:\/\/rpcprazacka.cz\/en\/services\/\" \/>\n<meta property=\"og:locale\" content=\"en_US\" \/>\n<meta property=\"og:type\" content=\"article\" \/>\n<meta property=\"og:title\" content=\"Services - Pra\u017ea\u010dka Family and Movement Center\" \/>\n<meta property=\"og:description\" content=\"Other services at Pra\u017ea\u010dka SportsSwimmingPreschool Sports facilities In the complex, you will find various types of sports courts and fields for individuals or teams. From football to the athletic track...\" \/>\n<meta property=\"og:url\" content=\"https:\/\/rpcprazacka.cz\/en\/services\/\" \/>\n<meta property=\"og:site_name\" content=\"Pra\u017ea\u010dka Family and Movement Center\" \/>\n<meta property=\"article:publisher\" content=\"https:\/\/www.facebook.com\/rpcprazacka\" \/>\n<meta property=\"article:modified_time\" content=\"2026-04-23T08:11:51+00:00\" \/>\n<meta property=\"og:image\" content=\"http:\/\/rpcprazacka.cz\/wp-content\/uploads\/2023\/06\/Kreslici-platno-1@3.png\" \/>\n<meta name=\"twitter:card\" content=\"summary_large_image\" \/>\n<meta name=\"twitter:label1\" content=\"Est. reading time\" \/>\n\t<meta name=\"twitter:data1\" content=\"1 minute\" \/>\n<script type=\"application\/ld+json\" class=\"yoast-schema-graph\">{\"@context\":\"https:\\\/\\\/schema.org\",\"@graph\":[{\"@type\":\"WebPage\",\"@id\":\"https:\\\/\\\/rpcprazacka.cz\\\/en\\\/services\\\/\",\"url\":\"https:\\\/\\\/rpcprazacka.cz\\\/en\\\/services\\\/\",\"name\":\"Services - Pra\u017ea\u010dka Family and Movement Center\",\"isPartOf\":{\"@id\":\"https:\\\/\\\/rpcprazacka.cz\\\/en\\\/#website\"},\"primaryImageOfPage\":{\"@id\":\"https:\\\/\\\/rpcprazacka.cz\\\/en\\\/services\\\/#primaryimage\"},\"image\":{\"@id\":\"https:\\\/\\\/rpcprazacka.cz\\\/en\\\/services\\\/#primaryimage\"},\"thumbnailUrl\":\"http:\\\/\\\/rpcprazacka.cz\\\/wp-content\\\/uploads\\\/2023\\\/06\\\/Kreslici-platno-1@3.png\",\"datePublished\":\"2022-01-20T07:55:57+00:00\",\"dateModified\":\"2026-04-23T08:11:51+00:00\",\"breadcrumb\":{\"@id\":\"https:\\\/\\\/rpcprazacka.cz\\\/en\\\/services\\\/#breadcrumb\"},\"inLanguage\":\"en-US\",\"potentialAction\":[{\"@type\":\"ReadAction\",\"target\":[\"https:\\\/\\\/rpcprazacka.cz\\\/en\\\/services\\\/\"]}]},{\"@type\":\"ImageObject\",\"inLanguage\":\"en-US\",\"@id\":\"https:\\\/\\\/rpcprazacka.cz\\\/en\\\/services\\\/#primaryimage\",\"url\":\"http:\\\/\\\/rpcprazacka.cz\\\/wp-content\\\/uploads\\\/2023\\\/06\\\/Kreslici-platno-1@3.png\",\"contentUrl\":\"http:\\\/\\\/rpcprazacka.cz\\\/wp-content\\\/uploads\\\/2023\\\/06\\\/Kreslici-platno-1@3.png\"},{\"@type\":\"BreadcrumbList\",\"@id\":\"https:\\\/\\\/rpcprazacka.cz\\\/en\\\/services\\\/#breadcrumb\",\"itemListElement\":[{\"@type\":\"ListItem\",\"position\":1,\"name\":\"Home\",\"item\":\"https:\\\/\\\/rpcprazacka.cz\\\/en\\\/?page_id=7322\"},{\"@type\":\"ListItem\",\"position\":2,\"name\":\"Services\"}]},{\"@type\":\"WebSite\",\"@id\":\"https:\\\/\\\/rpcprazacka.cz\\\/en\\\/#website\",\"url\":\"https:\\\/\\\/rpcprazacka.cz\\\/en\\\/\",\"name\":\"Pra\u017ea\u010dka Family and Movement Center\",\"description\":\"family and movement center for the whole family!\",\"publisher\":{\"@id\":\"https:\\\/\\\/rpcprazacka.cz\\\/en\\\/#organization\"},\"alternateName\":\"D\u011btsk\u00e9 krou\u017eky\",\"potentialAction\":[{\"@type\":\"SearchAction\",\"target\":{\"@type\":\"EntryPoint\",\"urlTemplate\":\"https:\\\/\\\/rpcprazacka.cz\\\/en\\\/?s={search_term_string}\"},\"query-input\":{\"@type\":\"PropertyValueSpecification\",\"valueRequired\":true,\"valueName\":\"search_term_string\"}}],\"inLanguage\":\"en-US\"},{\"@type\":\"Organization\",\"@id\":\"https:\\\/\\\/rpcprazacka.cz\\\/en\\\/#organization\",\"name\":\"Pra\u017ea\u010dka Family and Movement Center\",\"url\":\"https:\\\/\\\/rpcprazacka.cz\\\/en\\\/\",\"logo\":{\"@type\":\"ImageObject\",\"inLanguage\":\"en-US\",\"@id\":\"https:\\\/\\\/rpcprazacka.cz\\\/en\\\/#\\\/schema\\\/logo\\\/image\\\/\",\"url\":\"https:\\\/\\\/rpcprazacka.cz\\\/wp-content\\\/uploads\\\/2023\\\/05\\\/logo_rpc3-1.png\",\"contentUrl\":\"https:\\\/\\\/rpcprazacka.cz\\\/wp-content\\\/uploads\\\/2023\\\/05\\\/logo_rpc3-1.png\",\"width\":200,\"height\":106,\"caption\":\"Pra\u017ea\u010dka Family and Movement Center\"},\"image\":{\"@id\":\"https:\\\/\\\/rpcprazacka.cz\\\/en\\\/#\\\/schema\\\/logo\\\/image\\\/\"},\"sameAs\":[\"https:\\\/\\\/www.facebook.com\\\/rpcprazacka\",\"https:\\\/\\\/www.instagram.com\\\/rpcprazacka\\\/\",\"https:\\\/\\\/www.youtube.com\\\/@RPCPRAZACKA\"]}]}<\/script>\n<!-- \/ Yoast SEO plugin. -->","yoast_head_json":{"title":"Services - Pra\u017ea\u010dka Family and Movement Center","robots":{"index":"index","follow":"follow","max-snippet":"max-snippet:-1","max-image-preview":"max-image-preview:large","max-video-preview":"max-video-preview:-1"},"canonical":"https:\/\/rpcprazacka.cz\/en\/services\/","og_locale":"en_US","og_type":"article","og_title":"Services - Pra\u017ea\u010dka Family and Movement Center","og_description":"Other services at Pra\u017ea\u010dka SportsSwimmingPreschool Sports facilities In the complex, you will find various types of sports courts and fields for individuals or teams. From football to the athletic track...","og_url":"https:\/\/rpcprazacka.cz\/en\/services\/","og_site_name":"Pra\u017ea\u010dka Family and Movement Center","article_publisher":"https:\/\/www.facebook.com\/rpcprazacka","article_modified_time":"2026-04-23T08:11:51+00:00","og_image":[{"url":"http:\/\/rpcprazacka.cz\/wp-content\/uploads\/2023\/06\/Kreslici-platno-1@3.png","type":"","width":"","height":""}],"twitter_card":"summary_large_image","twitter_misc":{"Est. reading time":"1 minute"},"schema":{"@context":"https:\/\/schema.org","@graph":[{"@type":"WebPage","@id":"https:\/\/rpcprazacka.cz\/en\/services\/","url":"https:\/\/rpcprazacka.cz\/en\/services\/","name":"Services - Pra\u017ea\u010dka Family and Movement Center","isPartOf":{"@id":"https:\/\/rpcprazacka.cz\/en\/#website"},"primaryImageOfPage":{"@id":"https:\/\/rpcprazacka.cz\/en\/services\/#primaryimage"},"image":{"@id":"https:\/\/rpcprazacka.cz\/en\/services\/#primaryimage"},"thumbnailUrl":"http:\/\/rpcprazacka.cz\/wp-content\/uploads\/2023\/06\/Kreslici-platno-1@3.png","datePublished":"2022-01-20T07:55:57+00:00","dateModified":"2026-04-23T08:11:51+00:00","breadcrumb":{"@id":"https:\/\/rpcprazacka.cz\/en\/services\/#breadcrumb"},"inLanguage":"en-US","potentialAction":[{"@type":"ReadAction","target":["https:\/\/rpcprazacka.cz\/en\/services\/"]}]},{"@type":"ImageObject","inLanguage":"en-US","@id":"https:\/\/rpcprazacka.cz\/en\/services\/#primaryimage","url":"http:\/\/rpcprazacka.cz\/wp-content\/uploads\/2023\/06\/Kreslici-platno-1@3.png","contentUrl":"http:\/\/rpcprazacka.cz\/wp-content\/uploads\/2023\/06\/Kreslici-platno-1@3.png"},{"@type":"BreadcrumbList","@id":"https:\/\/rpcprazacka.cz\/en\/services\/#breadcrumb","itemListElement":[{"@type":"ListItem","position":1,"name":"Home","item":"https:\/\/rpcprazacka.cz\/en\/?page_id=7322"},{"@type":"ListItem","position":2,"name":"Services"}]},{"@type":"WebSite","@id":"https:\/\/rpcprazacka.cz\/en\/#website","url":"https:\/\/rpcprazacka.cz\/en\/","name":"Pra\u017ea\u010dka Family and Movement Center","description":"family and movement center for the whole family!","publisher":{"@id":"https:\/\/rpcprazacka.cz\/en\/#organization"},"alternateName":"D\u011btsk\u00e9 krou\u017eky","potentialAction":[{"@type":"SearchAction","target":{"@type":"EntryPoint","urlTemplate":"https:\/\/rpcprazacka.cz\/en\/?s={search_term_string}"},"query-input":{"@type":"PropertyValueSpecification","valueRequired":true,"valueName":"search_term_string"}}],"inLanguage":"en-US"},{"@type":"Organization","@id":"https:\/\/rpcprazacka.cz\/en\/#organization","name":"Pra\u017ea\u010dka Family and Movement Center","url":"https:\/\/rpcprazacka.cz\/en\/","logo":{"@type":"ImageObject","inLanguage":"en-US","@id":"https:\/\/rpcprazacka.cz\/en\/#\/schema\/logo\/image\/","url":"https:\/\/rpcprazacka.cz\/wp-content\/uploads\/2023\/05\/logo_rpc3-1.png","contentUrl":"https:\/\/rpcprazacka.cz\/wp-content\/uploads\/2023\/05\/logo_rpc3-1.png","width":200,"height":106,"caption":"Pra\u017ea\u010dka Family and Movement Center"},"image":{"@id":"https:\/\/rpcprazacka.cz\/en\/#\/schema\/logo\/image\/"},"sameAs":["https:\/\/www.facebook.com\/rpcprazacka","https:\/\/www.instagram.com\/rpcprazacka\/","https:\/\/www.youtube.com\/@RPCPRAZACKA"]}]}},"_links":{"self":[{"href":"https:\/\/rpcprazacka.cz\/en\/wp-json\/wp\/v2\/pages\/7182","targetHints":{"allow":["GET"]}}],"collection":[{"href":"https:\/\/rpcprazacka.cz\/en\/wp-json\/wp\/v2\/pages"}],"about":[{"href":"https:\/\/rpcprazacka.cz\/en\/wp-json\/wp\/v2\/types\/page"}],"author":[{"embeddable":true,"href":"https:\/\/rpcprazacka.cz\/en\/wp-json\/wp\/v2\/users\/1"}],"replies":[{"embeddable":true,"href":"https:\/\/rpcprazacka.cz\/en\/wp-json\/wp\/v2\/comments?post=7182"}],"version-history":[{"count":2,"href":"https:\/\/rpcprazacka.cz\/en\/wp-json\/wp\/v2\/pages\/7182\/revisions"}],"predecessor-version":[{"id":7194,"href":"https:\/\/rpcprazacka.cz\/en\/wp-json\/wp\/v2\/pages\/7182\/revisions\/7194"}],"wp:attachment":[{"href":"https:\/\/rpcprazacka.cz\/en\/wp-json\/wp\/v2\/media?parent=7182"}],"curies":[{"name":"wp","href":"https:\/\/api.w.org\/{rel}","templated":true}]}}